{"id":1009,"date":"2024-04-24T13:09:22","date_gmt":"2024-04-24T10:09:22","guid":{"rendered":"https:\/\/cryptocurrencygambling.org\/?page_id=1009"},"modified":"2024-05-20T14:45:51","modified_gmt":"2024-05-20T11:45:51","slug":"a-propos-de-nous","status":"publish","type":"page","link":"https:\/\/cryptocurrencygambling.org\/fr\/a-propos-de-nous\/","title":{"rendered":"\u00c0 propos de nous"},"content":{"rendered":"<p>Bienvenue \u00e0 Crypto Currency Casino &#8211; Votre guide de confiance pour la sc\u00e8ne des casinos en crypto-monnaies au Canada.<\/p>\n<p>Notre vision approfondie est de devenir votre source principale pour comprendre le monde du jeu en crypto-monnaie. Nous voulons vous aider \u00e0 naviguer avec facilit\u00e9 et confiance en fournissant des connaissances et des informations sur tout ce dont vous avez besoin en tant que joueur de crypto-monnaie au Canada.<\/p>\n<h3><strong>Nos services<\/strong><\/h3>\n<ul>\n<li>Profils de casinos : Nous offrons des examens d\u00e9taill\u00e9s des casinos de crypto-monnaie \u00e0 travers le Canada, en \u00e9valuant tout, du profil de jeu et de l&rsquo;accessibilit\u00e9 du portefeuille, au niveau de s\u00e9curit\u00e9 r\u00e9alisable sur sa plate-forme.<\/li>\n<li>Promotions : De temps en temps, nous listons certains des bonus les plus \u00e9tonnants accord\u00e9s par certains de nos casinos profil\u00e9s, en particulier lors de l&rsquo;inscription. Visitez notre site r\u00e9guli\u00e8rement et acc\u00e9dez \u00e0 ces guides promotionnels en temps voulu.<\/li>\n<li>Strat\u00e9gie : Pour les jeux de casino classiques tels que le blackjack, la roulette et de nombreuses machines \u00e0 sous, nous vous indiquons des strat\u00e9gies fiables certifi\u00e9es pour changer votre chance et augmenter vos gains.<\/li>\n<\/ul>\n<h3><strong>Pourquoi nous ?<\/strong><\/h3>\n<ul>\n<li>Exp\u00e9rience et comp\u00e9tences : Chez Crypto Currency Gambling, vous \u00eates guid\u00e9 par des tuteurs exp\u00e9riment\u00e9s dans le domaine.<\/li>\n<li>Certifi\u00e9 : Nos guides et nos recommandations de sites sont tous certifi\u00e9s et s\u00e9curis\u00e9s, ce qui garantit que votre vie priv\u00e9e et votre s\u00e9curit\u00e9 au jeu passent avant tout.<\/li>\n<li>Support centr\u00e9 sur le Canada : Nos guides sont principalement r\u00e9dig\u00e9s pour le march\u00e9 canadien, ce qui en fait un d\u00e9fenseur fiable pour tous les joueurs de crypto-monnaie canadiens.<\/li>\n<\/ul>\n<h3><strong>Notre vision\u00a0<\/strong><\/h3>\n<p>Nous allons \u00eatre la meilleure source de connaissances, d&rsquo;amusement, de sensations fortes et de divertissement lorsque l&rsquo;on parle de jeux de crypto-monnaie au Canada. Nous voulons \u00eatre votre interlocuteur privil\u00e9gi\u00e9 dans la recherche de jeux \u00e0 faible d\u00e9p\u00f4t, de machines \u00e0 sous gratuites en ligne et des meilleurs casinos au Canada. Exp\u00e9rimentez la joie et le frisson des jeux de crypto-monnaie canadiens en suivant nos guides bien d\u00e9taill\u00e9s.<\/p>\n","protected":false},"excerpt":{"rendered":"<p>Bienvenue \u00e0 Crypto Currency Casino &#8211; Votre guide de confiance pour la sc\u00e8ne des casinos en crypto-monnaies au Canada. Notre vision approfondie est de devenir votre source principale pour comprendre le monde du jeu en crypto-monnaie. Nous voulons vous aider \u00e0 naviguer avec facilit\u00e9 et confiance en fournissant des connaissances et des informations sur tout [&hellip;]<\/p>\n","protected":false},"author":1,"featured_media":0,"parent":0,"menu_order":1,"comment_status":"closed","ping_status":"closed","template":"","meta":{"inline_featured_image":false,"footnotes":""},"class_list":["post-1009","page","type-page","status-publish","hentry"],"acf":[],"yoast_head":"<!-- This site is optimized with the Yoast SEO plugin v19.8 - https:\/\/yoast.com\/wordpress\/plugins\/seo\/ -->\n<title>\u00c0 propos de nous - \u0421rypto\u0421urrencyGambling.org<\/title>\n<meta name=\"description\" content=\"Cliquez ici pour en savoir plus sur Crypto Currency Gambling. Notre mission est de vous guider vers les plateformes de jeux les plus s\u00fbres.\" \/>\n<meta name=\"robots\" content=\"index, follow, max-snippet:-1, max-image-preview:large, max-video-preview:-1\" \/>\n<link rel=\"canonical\" href=\"https:\/\/cryptocurrencygambling.org\/fr\/a-propos-de-nous\/\" \/>\n<meta property=\"og:locale\" content=\"fr_FR\" \/>\n<meta property=\"og:type\" content=\"article\" \/>\n<meta property=\"og:title\" content=\"\u00c0 propos de nous - \u0421rypto\u0421urrencyGambling.org\" \/>\n<meta property=\"og:description\" content=\"Cliquez ici pour en savoir plus sur Crypto Currency Gambling. Notre mission est de vous guider vers les plateformes de jeux les plus s\u00fbres.\" \/>\n<meta property=\"og:url\" content=\"https:\/\/cryptocurrencygambling.org\/fr\/a-propos-de-nous\/\" \/>\n<meta property=\"og:site_name\" content=\"\u0421rypto\u0421urrencyGambling.org\" \/>\n<meta property=\"article:modified_time\" content=\"2024-05-20T11:45:51+00:00\" \/>\n<meta name=\"twitter:card\" content=\"summary_large_image\" \/>\n<meta name=\"twitter:label1\" content=\"Dur\u00e9e de lecture estim\u00e9e\" \/>\n\t<meta name=\"twitter:data1\" content=\"2 minutes\" \/>\n<script type=\"application\/ld+json\" class=\"yoast-schema-graph\">{\"@context\":\"https:\/\/schema.org\",\"@graph\":[{\"@type\":\"WebPage\",\"@id\":\"https:\/\/cryptocurrencygambling.org\/fr\/a-propos-de-nous\/\",\"url\":\"https:\/\/cryptocurrencygambling.org\/fr\/a-propos-de-nous\/\",\"name\":\"\u00c0 propos de nous - \u0421rypto\u0421urrencyGambling.org\",\"isPartOf\":{\"@id\":\"https:\/\/cryptocurrencygambling.org\/#website\"},\"datePublished\":\"2024-04-24T10:09:22+00:00\",\"dateModified\":\"2024-05-20T11:45:51+00:00\",\"description\":\"Cliquez ici pour en savoir plus sur Crypto Currency Gambling. Notre mission est de vous guider vers les plateformes de jeux les plus s\u00fbres.\",\"breadcrumb\":{\"@id\":\"https:\/\/cryptocurrencygambling.org\/fr\/a-propos-de-nous\/#breadcrumb\"},\"inLanguage\":\"fr-FR\",\"potentialAction\":[{\"@type\":\"ReadAction\",\"target\":[\"https:\/\/cryptocurrencygambling.org\/fr\/a-propos-de-nous\/\"]}]},{\"@type\":\"BreadcrumbList\",\"@id\":\"https:\/\/cryptocurrencygambling.org\/fr\/a-propos-de-nous\/#breadcrumb\",\"itemListElement\":[{\"@type\":\"ListItem\",\"position\":1,\"name\":\"Main Page\",\"item\":\"https:\/\/cryptocurrencygambling.org\/fr\/\"},{\"@type\":\"ListItem\",\"position\":2,\"name\":\"\u00c0 propos de nous\"}]},{\"@type\":\"WebSite\",\"@id\":\"https:\/\/cryptocurrencygambling.org\/#website\",\"url\":\"https:\/\/cryptocurrencygambling.org\/\",\"name\":\"\u0421rypto\u0421urrencyGambling.org\",\"description\":\"\u0421rypto\u0421urrencyGambling.org\",\"potentialAction\":[{\"@type\":\"SearchAction\",\"target\":{\"@type\":\"EntryPoint\",\"urlTemplate\":\"https:\/\/cryptocurrencygambling.org\/?s={search_term_string}\"},\"query-input\":\"required name=search_term_string\"}],\"inLanguage\":\"fr-FR\"}]}<\/script>\n<!-- \/ Yoast SEO plugin. -->","yoast_head_json":{"title":"\u00c0 propos de nous - \u0421rypto\u0421urrencyGambling.org","description":"Cliquez ici pour en savoir plus sur Crypto Currency Gambling. Notre mission est de vous guider vers les plateformes de jeux les plus s\u00fbres.","robots":{"index":"index","follow":"follow","max-snippet":"max-snippet:-1","max-image-preview":"max-image-preview:large","max-video-preview":"max-video-preview:-1"},"canonical":"https:\/\/cryptocurrencygambling.org\/fr\/a-propos-de-nous\/","og_locale":"fr_FR","og_type":"article","og_title":"\u00c0 propos de nous - \u0421rypto\u0421urrencyGambling.org","og_description":"Cliquez ici pour en savoir plus sur Crypto Currency Gambling. Notre mission est de vous guider vers les plateformes de jeux les plus s\u00fbres.","og_url":"https:\/\/cryptocurrencygambling.org\/fr\/a-propos-de-nous\/","og_site_name":"\u0421rypto\u0421urrencyGambling.org","article_modified_time":"2024-05-20T11:45:51+00:00","twitter_card":"summary_large_image","twitter_misc":{"Dur\u00e9e de lecture estim\u00e9e":"2 minutes"},"schema":{"@context":"https:\/\/schema.org","@graph":[{"@type":"WebPage","@id":"https:\/\/cryptocurrencygambling.org\/fr\/a-propos-de-nous\/","url":"https:\/\/cryptocurrencygambling.org\/fr\/a-propos-de-nous\/","name":"\u00c0 propos de nous - \u0421rypto\u0421urrencyGambling.org","isPartOf":{"@id":"https:\/\/cryptocurrencygambling.org\/#website"},"datePublished":"2024-04-24T10:09:22+00:00","dateModified":"2024-05-20T11:45:51+00:00","description":"Cliquez ici pour en savoir plus sur Crypto Currency Gambling. Notre mission est de vous guider vers les plateformes de jeux les plus s\u00fbres.","breadcrumb":{"@id":"https:\/\/cryptocurrencygambling.org\/fr\/a-propos-de-nous\/#breadcrumb"},"inLanguage":"fr-FR","potentialAction":[{"@type":"ReadAction","target":["https:\/\/cryptocurrencygambling.org\/fr\/a-propos-de-nous\/"]}]},{"@type":"BreadcrumbList","@id":"https:\/\/cryptocurrencygambling.org\/fr\/a-propos-de-nous\/#breadcrumb","itemListElement":[{"@type":"ListItem","position":1,"name":"Main Page","item":"https:\/\/cryptocurrencygambling.org\/fr\/"},{"@type":"ListItem","position":2,"name":"\u00c0 propos de nous"}]},{"@type":"WebSite","@id":"https:\/\/cryptocurrencygambling.org\/#website","url":"https:\/\/cryptocurrencygambling.org\/","name":"\u0421rypto\u0421urrencyGambling.org","description":"\u0421rypto\u0421urrencyGambling.org","potentialAction":[{"@type":"SearchAction","target":{"@type":"EntryPoint","urlTemplate":"https:\/\/cryptocurrencygambling.org\/?s={search_term_string}"},"query-input":"required name=search_term_string"}],"inLanguage":"fr-FR"}]}},"_links":{"self":[{"href":"https:\/\/cryptocurrencygambling.org\/fr\/wp-json\/wp\/v2\/pages\/1009","targetHints":{"allow":["GET"]}}],"collection":[{"href":"https:\/\/cryptocurrencygambling.org\/fr\/wp-json\/wp\/v2\/pages"}],"about":[{"href":"https:\/\/cryptocurrencygambling.org\/fr\/wp-json\/wp\/v2\/types\/page"}],"author":[{"embeddable":true,"href":"https:\/\/cryptocurrencygambling.org\/fr\/wp-json\/wp\/v2\/users\/1"}],"replies":[{"embeddable":true,"href":"https:\/\/cryptocurrencygambling.org\/fr\/wp-json\/wp\/v2\/comments?post=1009"}],"version-history":[{"count":3,"href":"https:\/\/cryptocurrencygambling.org\/fr\/wp-json\/wp\/v2\/pages\/1009\/revisions"}],"predecessor-version":[{"id":1091,"href":"https:\/\/cryptocurrencygambling.org\/fr\/wp-json\/wp\/v2\/pages\/1009\/revisions\/1091"}],"wp:attachment":[{"href":"https:\/\/cryptocurrencygambling.org\/fr\/wp-json\/wp\/v2\/media?parent=1009"}],"curies":[{"name":"wp","href":"https:\/\/api.w.org\/{rel}","templated":true}]}}