{"id":1012,"date":"2022-02-06T22:03:58","date_gmt":"2022-02-06T19:03:58","guid":{"rendered":"https:\/\/cryptocurrencygambling.org\/?page_id=1012"},"modified":"2024-05-20T14:54:25","modified_gmt":"2024-05-20T11:54:25","slug":"cookies","status":"publish","type":"page","link":"https:\/\/cryptocurrencygambling.org\/fr\/cookies\/","title":{"rendered":"Cookies"},"content":{"rendered":"<p>Bienvenue sur Crypto Currency Gambling ! Cependant, avant que vous puissiez vous plonger dans nos revues de casino approfondies et notre analyse logique gr\u00e2ce aux meilleurs sp\u00e9cialistes des casinos sur le terrain, nous avons besoin de votre permission pour utiliser des cookies. En naviguant sur notre site Internet, vous acceptez l&rsquo;utilisation de cookies conform\u00e9ment \u00e0 cette politique de cookies. Il va sans dire que ce n&rsquo;est qu&rsquo;apr\u00e8s avoir accept\u00e9 les cookies que vous pourrez profiter de notre service personnalis\u00e9 et de notre s\u00e9curit\u00e9. Votre satisfaction est notre principale pr\u00e9occupation, et les cookies nous aident \u00e0 am\u00e9liorer votre exp\u00e9rience de navigation en personnalisant et en adaptant nos services.<\/p>\n<h3><strong>Comprendre les cookies<\/strong><\/h3>\n<p>Les cookies sont de petits fichiers texte qui peuvent \u00eatre stock\u00e9s sur votre appareil lorsque vous visitez la plupart des sites web. Ils sont utilis\u00e9s pour recueillir des informations sur vos pr\u00e9f\u00e9rences personnelles et les transmettre \u00e0 d&rsquo;autres. Les cookies permettent aux sites web de se souvenir d&rsquo;\u00e9v\u00e9nements ant\u00e9rieurs dans un processus et de r\u00e9utiliser des donn\u00e9es, ce qui vous fait gagner du temps. Les cookies sont essentiels \u00e0 la fonctionnalit\u00e9 et \u00e0 l&rsquo;analyse de notre site, ainsi qu&rsquo;\u00e0 sa mise \u00e0 jour.<\/p>\n<h3><strong>Types de cookies utilis\u00e9s sur le site<\/strong><\/h3>\n<ol>\n<li>Cookies essentiels : Ils sont n\u00e9cessaires pour que vous puissiez continuer \u00e0 naviguer sur notre site web et \u00e0 utiliser nos services. Par exemple, des services tels que la r\u00e9gion de connexion s\u00e9curis\u00e9e doivent \u00eatre partag\u00e9s avec des cookies essentiels.<\/li>\n<li>Cookies de performance : Ces cookies aident \u00e0 \u00e9tablir des statistiques. Ils recueillent des informations sur votre comportement sur nos sites web. Les informations collect\u00e9es par ces cookies ne sont pas personnelles. Ils sont parfois utilis\u00e9s \u00e0 des fins de contr\u00f4le.<\/li>\n<li>Cookies de fonctionnalit\u00e9 : Les cookies de fonctionnalit\u00e9 nous \u00e9clairent sur vos choix en tant qu&rsquo;utilisateurs. Par exemple, ils ne d\u00e9finissent pas vos pr\u00e9f\u00e9rences de localisation ou votre nom d&rsquo;utilisateur.<\/li>\n<li>Cookies de ciblage ou de publicit\u00e9 : Ces cookies sont utilis\u00e9s pour afficher des publicit\u00e9s qui sont plus appropri\u00e9es \u00e0 vous et \u00e0 vos loisirs. Ils peuvent \u00e9galement limiter le nombre de fois que vous voyez une promotion et \u00e9valuer l&rsquo;efficacit\u00e9 de la publicit\u00e9 sur notre site.<\/li>\n<\/ol>\n<h3><strong>Gestion des cookies<\/strong><\/h3>\n<p>Vous pouvez refuser les cookies \u00e0 tout moment. La plupart des cookies des visiteurs sont activ\u00e9s par d\u00e9faut dans les navigateurs. Les visiteurs peuvent refuser les cookies en ajustant leurs pr\u00e9f\u00e9rences. Si vous refusez les cookies, certains avantages de votre site web seront r\u00e9duits. Utilisez la section d&rsquo;aide et d&rsquo;assistance de votre navigateur Internet pour le localiser.<\/p>\n","protected":false},"excerpt":{"rendered":"<p>Bienvenue sur Crypto Currency Gambling ! Cependant, avant que vous puissiez vous plonger dans nos revues de casino approfondies et notre analyse logique gr\u00e2ce aux meilleurs sp\u00e9cialistes des casinos sur le terrain, nous avons besoin de votre permission pour utiliser des cookies. En naviguant sur notre site Internet, vous acceptez l&rsquo;utilisation de cookies conform\u00e9ment \u00e0 [&hellip;]<\/p>\n","protected":false},"author":1,"featured_media":0,"parent":0,"menu_order":1,"comment_status":"closed","ping_status":"closed","template":"","meta":{"inline_featured_image":false,"footnotes":""},"class_list":["post-1012","page","type-page","status-publish","hentry"],"acf":[],"yoast_head":"<!-- This site is optimized with the Yoast SEO plugin v19.8 - https:\/\/yoast.com\/wordpress\/plugins\/seo\/ -->\n<title>Cookies - \u0421rypto\u0421urrencyGambling.org<\/title>\n<meta name=\"description\" content=\"Trouvez des informations d\u00e9taill\u00e9es sur la fa\u00e7on dont nous utilisons les cookies pour am\u00e9liorer votre exp\u00e9rience.\" \/>\n<meta name=\"robots\" content=\"index, follow, max-snippet:-1, max-image-preview:large, max-video-preview:-1\" \/>\n<link rel=\"canonical\" href=\"https:\/\/cryptocurrencygambling.org\/fr\/cookies\/\" \/>\n<meta property=\"og:locale\" content=\"fr_FR\" \/>\n<meta property=\"og:type\" content=\"article\" \/>\n<meta property=\"og:title\" content=\"Cookies - \u0421rypto\u0421urrencyGambling.org\" \/>\n<meta property=\"og:description\" content=\"Trouvez des informations d\u00e9taill\u00e9es sur la fa\u00e7on dont nous utilisons les cookies pour am\u00e9liorer votre exp\u00e9rience.\" \/>\n<meta property=\"og:url\" content=\"https:\/\/cryptocurrencygambling.org\/fr\/cookies\/\" \/>\n<meta property=\"og:site_name\" content=\"\u0421rypto\u0421urrencyGambling.org\" \/>\n<meta property=\"article:modified_time\" content=\"2024-05-20T11:54:25+00:00\" \/>\n<meta name=\"twitter:card\" content=\"summary_large_image\" \/>\n<meta name=\"twitter:label1\" content=\"Dur\u00e9e de lecture estim\u00e9e\" \/>\n\t<meta name=\"twitter:data1\" content=\"2 minutes\" \/>\n<script type=\"application\/ld+json\" class=\"yoast-schema-graph\">{\"@context\":\"https:\/\/schema.org\",\"@graph\":[{\"@type\":\"WebPage\",\"@id\":\"https:\/\/cryptocurrencygambling.org\/fr\/cookies\/\",\"url\":\"https:\/\/cryptocurrencygambling.org\/fr\/cookies\/\",\"name\":\"Cookies - \u0421rypto\u0421urrencyGambling.org\",\"isPartOf\":{\"@id\":\"https:\/\/cryptocurrencygambling.org\/#website\"},\"datePublished\":\"2022-02-06T19:03:58+00:00\",\"dateModified\":\"2024-05-20T11:54:25+00:00\",\"description\":\"Trouvez des informations d\u00e9taill\u00e9es sur la fa\u00e7on dont nous utilisons les cookies pour am\u00e9liorer votre exp\u00e9rience.\",\"breadcrumb\":{\"@id\":\"https:\/\/cryptocurrencygambling.org\/fr\/cookies\/#breadcrumb\"},\"inLanguage\":\"fr-FR\",\"potentialAction\":[{\"@type\":\"ReadAction\",\"target\":[\"https:\/\/cryptocurrencygambling.org\/fr\/cookies\/\"]}]},{\"@type\":\"BreadcrumbList\",\"@id\":\"https:\/\/cryptocurrencygambling.org\/fr\/cookies\/#breadcrumb\",\"itemListElement\":[{\"@type\":\"ListItem\",\"position\":1,\"name\":\"Main Page\",\"item\":\"https:\/\/cryptocurrencygambling.org\/fr\/\"},{\"@type\":\"ListItem\",\"position\":2,\"name\":\"Cookies\"}]},{\"@type\":\"WebSite\",\"@id\":\"https:\/\/cryptocurrencygambling.org\/#website\",\"url\":\"https:\/\/cryptocurrencygambling.org\/\",\"name\":\"\u0421rypto\u0421urrencyGambling.org\",\"description\":\"\u0421rypto\u0421urrencyGambling.org\",\"potentialAction\":[{\"@type\":\"SearchAction\",\"target\":{\"@type\":\"EntryPoint\",\"urlTemplate\":\"https:\/\/cryptocurrencygambling.org\/?s={search_term_string}\"},\"query-input\":\"required name=search_term_string\"}],\"inLanguage\":\"fr-FR\"}]}<\/script>\n<!-- \/ Yoast SEO plugin. -->","yoast_head_json":{"title":"Cookies - \u0421rypto\u0421urrencyGambling.org","description":"Trouvez des informations d\u00e9taill\u00e9es sur la fa\u00e7on dont nous utilisons les cookies pour am\u00e9liorer votre exp\u00e9rience.","robots":{"index":"index","follow":"follow","max-snippet":"max-snippet:-1","max-image-preview":"max-image-preview:large","max-video-preview":"max-video-preview:-1"},"canonical":"https:\/\/cryptocurrencygambling.org\/fr\/cookies\/","og_locale":"fr_FR","og_type":"article","og_title":"Cookies - \u0421rypto\u0421urrencyGambling.org","og_description":"Trouvez des informations d\u00e9taill\u00e9es sur la fa\u00e7on dont nous utilisons les cookies pour am\u00e9liorer votre exp\u00e9rience.","og_url":"https:\/\/cryptocurrencygambling.org\/fr\/cookies\/","og_site_name":"\u0421rypto\u0421urrencyGambling.org","article_modified_time":"2024-05-20T11:54:25+00:00","twitter_card":"summary_large_image","twitter_misc":{"Dur\u00e9e de lecture estim\u00e9e":"2 minutes"},"schema":{"@context":"https:\/\/schema.org","@graph":[{"@type":"WebPage","@id":"https:\/\/cryptocurrencygambling.org\/fr\/cookies\/","url":"https:\/\/cryptocurrencygambling.org\/fr\/cookies\/","name":"Cookies - \u0421rypto\u0421urrencyGambling.org","isPartOf":{"@id":"https:\/\/cryptocurrencygambling.org\/#website"},"datePublished":"2022-02-06T19:03:58+00:00","dateModified":"2024-05-20T11:54:25+00:00","description":"Trouvez des informations d\u00e9taill\u00e9es sur la fa\u00e7on dont nous utilisons les cookies pour am\u00e9liorer votre exp\u00e9rience.","breadcrumb":{"@id":"https:\/\/cryptocurrencygambling.org\/fr\/cookies\/#breadcrumb"},"inLanguage":"fr-FR","potentialAction":[{"@type":"ReadAction","target":["https:\/\/cryptocurrencygambling.org\/fr\/cookies\/"]}]},{"@type":"BreadcrumbList","@id":"https:\/\/cryptocurrencygambling.org\/fr\/cookies\/#breadcrumb","itemListElement":[{"@type":"ListItem","position":1,"name":"Main Page","item":"https:\/\/cryptocurrencygambling.org\/fr\/"},{"@type":"ListItem","position":2,"name":"Cookies"}]},{"@type":"WebSite","@id":"https:\/\/cryptocurrencygambling.org\/#website","url":"https:\/\/cryptocurrencygambling.org\/","name":"\u0421rypto\u0421urrencyGambling.org","description":"\u0421rypto\u0421urrencyGambling.org","potentialAction":[{"@type":"SearchAction","target":{"@type":"EntryPoint","urlTemplate":"https:\/\/cryptocurrencygambling.org\/?s={search_term_string}"},"query-input":"required name=search_term_string"}],"inLanguage":"fr-FR"}]}},"_links":{"self":[{"href":"https:\/\/cryptocurrencygambling.org\/fr\/wp-json\/wp\/v2\/pages\/1012","targetHints":{"allow":["GET"]}}],"collection":[{"href":"https:\/\/cryptocurrencygambling.org\/fr\/wp-json\/wp\/v2\/pages"}],"about":[{"href":"https:\/\/cryptocurrencygambling.org\/fr\/wp-json\/wp\/v2\/types\/page"}],"author":[{"embeddable":true,"href":"https:\/\/cryptocurrencygambling.org\/fr\/wp-json\/wp\/v2\/users\/1"}],"replies":[{"embeddable":true,"href":"https:\/\/cryptocurrencygambling.org\/fr\/wp-json\/wp\/v2\/comments?post=1012"}],"version-history":[{"count":4,"href":"https:\/\/cryptocurrencygambling.org\/fr\/wp-json\/wp\/v2\/pages\/1012\/revisions"}],"predecessor-version":[{"id":1093,"href":"https:\/\/cryptocurrencygambling.org\/fr\/wp-json\/wp\/v2\/pages\/1012\/revisions\/1093"}],"wp:attachment":[{"href":"https:\/\/cryptocurrencygambling.org\/fr\/wp-json\/wp\/v2\/media?parent=1012"}],"curies":[{"name":"wp","href":"https:\/\/api.w.org\/{rel}","templated":true}]}}