{"id":1014,"date":"2022-04-15T12:01:21","date_gmt":"2022-04-15T09:01:21","guid":{"rendered":"https:\/\/cryptocurrencygambling.org\/?page_id=1014"},"modified":"2024-05-12T16:28:29","modified_gmt":"2024-05-12T13:28:29","slug":"conditions-dutilisation","status":"publish","type":"page","link":"https:\/\/cryptocurrencygambling.org\/fr\/conditions-dutilisation\/","title":{"rendered":"Conditions d&rsquo;utilisation"},"content":{"rendered":"<p>Nous vous remercions de votre visite sur notre site d&rsquo;information sur les jeux d&rsquo;argent avec les crypto-monnaies. En acceptant les conditions d&rsquo;utilisation et les directives fournies ci-dessous, vous approuvez votre utilisation du site : Clause de non-responsabilit\u00e9 et directives g\u00e9n\u00e9rales d&rsquo;utilisation du site. Ce site web est sp\u00e9cifiquement con\u00e7u pour l&rsquo;information et le divertissement des utilisateurs. Aucun de ses contenus ne doit \u00eatre consid\u00e9r\u00e9 comme un conseil juridique ou un guide complet sur l&rsquo;utilisation des crypto-monnaies dans les jeux d&rsquo;argent.<\/p>\n<ul>\n<li><strong>Ind\u00e9pendance :<\/strong> Crypto Currency Gambling est ind\u00e9pendant et n&rsquo;est pas affili\u00e9 ou partenaire d&rsquo;autres parties li\u00e9es \u00e0 l&rsquo;\u00e9v\u00e9nement des plateformes de jeu en crypto-monnaie.<\/li>\n<li><strong>Responsabilit\u00e9 :<\/strong> Les lecteurs et les utilisateurs ne doivent pas consid\u00e9rer et interpr\u00e9ter les informations qu&rsquo;ils ont recueillies, ici ou par le biais de ce site Web, comme des mots ou des termes d&rsquo;acte, d&rsquo;offre, d&rsquo;invitation ou de passation d&rsquo;un pacte pour les jeux d&rsquo;argent en crypto-monnaies. Les utilisateurs devraient consulter des professionnels comp\u00e9tents avant de s&rsquo;engager ou de s&rsquo;aventurer dans ce domaine de jeu.<\/li>\n<li><strong>Responsabilit\u00e9 de l&rsquo;utilisateur :<\/strong> Il est de votre responsabilit\u00e9 de vous assurer que votre utilisation du site web est conforme aux lois et r\u00e8glements concernant les jeux d&rsquo;argent en ligne.<\/li>\n<li><strong>Garantie :<\/strong> Ce site n&rsquo;offre aucune garantie quant \u00e0 l&rsquo;exhaustivit\u00e9, la v\u00e9racit\u00e9 ou l&rsquo;actualit\u00e9 des informations fournies. Les informations contenues dans la page sont pr\u00e9sent\u00e9es \u00ab en l&rsquo;\u00e9tat \u00bb.<\/li>\n<li><strong>Limitation de responsabilit\u00e9 :<\/strong> En aucun cas nous ou nos prestataires de services ne serons tenus responsables de toute cat\u00e9gorie de perte ou de pr\u00e9judice, y compris, mais sans s&rsquo;y limiter, la perte de profit ou les pr\u00e9judices li\u00e9s \u00e0 une entreprise commerciale r\u00e9sultant de notre site web et de notre prestation de services ou y \u00e9tant associ\u00e9s.<\/li>\n<li><strong>Disponibilit\u00e9 des modifications :<\/strong> Nous pouvons modifier les informations sur le site sans pr\u00e9avis ou suivre le changement du sujet qui peut concerner les lois, les dictats ou les boosts du march\u00e9 des cryptocurrencies.<\/li>\n<li><strong>Propri\u00e9t\u00e9 intellectuelle :<\/strong> Tous les types de contenu pr\u00e9sent\u00e9s et montr\u00e9s dans cette page appartiennent \u00e0 Crypto Currency Gambling et \u00e0 d&rsquo;autres contributeurs et sont prot\u00e9g\u00e9s par la loi sur les droits d&rsquo;auteur. \u00ab Aucune utilisation ne doit \u00eatre dupliqu\u00e9e par des moyens non autoris\u00e9s.<\/li>\n<li><strong>Acc\u00e8s :<\/strong> Nous nous r\u00e9servons le droit d&rsquo;interdire l&rsquo;acc\u00e8s ou de modifier toute partie de la page sans pr\u00e9avis.<\/li>\n<li><strong>D\u00e9claration de v\u00e9rit\u00e9 :<\/strong> Nous nous effor\u00e7ons de veiller \u00e0 ce que les informations fournies soient exactes et \u00e0 jour, mais nous ne donnons aucune garantie quant \u00e0 leur exactitude. Si l&rsquo;utilisateur constate une inexactitude, il peut nous en faire part.<\/li>\n<li><strong>Suppression de contenu :<\/strong> Le retrait d&rsquo;un contenu d\u00e9pend du contexte grammatical ou est requis par la loi.<strong>Conformit\u00e9 :<\/strong> Lorsque vous acc\u00e9dez \u00e0 ce site, vous acceptez les pr\u00e9sentes conditions. Le non-respect de ces conditions peut entra\u00eener une restriction de l&rsquo;acc\u00e8s au site. L&rsquo;utilisation de Crypto Currency Gambling implique que vous acceptez les conditions fournies et que vous les respectez. Si vous n&rsquo;\u00eates pas d&rsquo;accord avec les conditions, arr\u00eatez d&rsquo;utiliser le site.<\/li>\n<\/ul>\n","protected":false},"excerpt":{"rendered":"<p>Nous vous remercions de votre visite sur notre site d&rsquo;information sur les jeux d&rsquo;argent avec les crypto-monnaies. En acceptant les conditions d&rsquo;utilisation et les directives fournies ci-dessous, vous approuvez votre utilisation du site : Clause de non-responsabilit\u00e9 et directives g\u00e9n\u00e9rales d&rsquo;utilisation du site. Ce site web est sp\u00e9cifiquement con\u00e7u pour l&rsquo;information et le divertissement des [&hellip;]<\/p>\n","protected":false},"author":1,"featured_media":0,"parent":0,"menu_order":0,"comment_status":"closed","ping_status":"closed","template":"","meta":{"inline_featured_image":false,"footnotes":""},"class_list":["post-1014","page","type-page","status-publish","hentry"],"acf":[],"yoast_head":"<!-- This site is optimized with the Yoast SEO plugin v19.8 - https:\/\/yoast.com\/wordpress\/plugins\/seo\/ -->\n<title>Conditions d&#039;utilisation - \u0421rypto\u0421urrencyGambling.org<\/title>\n<meta name=\"description\" content=\"Consultez nos termes et conditions pour comprendre les directives et les politiques d&#039;utilisation de notre site de revue de casino.\" \/>\n<meta name=\"robots\" content=\"index, follow, max-snippet:-1, max-image-preview:large, max-video-preview:-1\" \/>\n<link rel=\"canonical\" href=\"https:\/\/cryptocurrencygambling.org\/fr\/conditions-dutilisation\/\" \/>\n<meta property=\"og:locale\" content=\"fr_FR\" \/>\n<meta property=\"og:type\" content=\"article\" \/>\n<meta property=\"og:title\" content=\"Conditions d&#039;utilisation - \u0421rypto\u0421urrencyGambling.org\" \/>\n<meta property=\"og:description\" content=\"Consultez nos termes et conditions pour comprendre les directives et les politiques d&#039;utilisation de notre site de revue de casino.\" \/>\n<meta property=\"og:url\" content=\"https:\/\/cryptocurrencygambling.org\/fr\/conditions-dutilisation\/\" \/>\n<meta property=\"og:site_name\" content=\"\u0421rypto\u0421urrencyGambling.org\" \/>\n<meta property=\"article:modified_time\" content=\"2024-05-12T13:28:29+00:00\" \/>\n<meta name=\"twitter:card\" content=\"summary_large_image\" \/>\n<meta name=\"twitter:label1\" content=\"Dur\u00e9e de lecture estim\u00e9e\" \/>\n\t<meta name=\"twitter:data1\" content=\"3 minutes\" \/>\n<script type=\"application\/ld+json\" class=\"yoast-schema-graph\">{\"@context\":\"https:\/\/schema.org\",\"@graph\":[{\"@type\":\"WebPage\",\"@id\":\"https:\/\/cryptocurrencygambling.org\/fr\/conditions-dutilisation\/\",\"url\":\"https:\/\/cryptocurrencygambling.org\/fr\/conditions-dutilisation\/\",\"name\":\"Conditions d'utilisation - \u0421rypto\u0421urrencyGambling.org\",\"isPartOf\":{\"@id\":\"https:\/\/cryptocurrencygambling.org\/#website\"},\"datePublished\":\"2022-04-15T09:01:21+00:00\",\"dateModified\":\"2024-05-12T13:28:29+00:00\",\"description\":\"Consultez nos termes et conditions pour comprendre les directives et les politiques d'utilisation de notre site de revue de casino.\",\"breadcrumb\":{\"@id\":\"https:\/\/cryptocurrencygambling.org\/fr\/conditions-dutilisation\/#breadcrumb\"},\"inLanguage\":\"fr-FR\",\"potentialAction\":[{\"@type\":\"ReadAction\",\"target\":[\"https:\/\/cryptocurrencygambling.org\/fr\/conditions-dutilisation\/\"]}]},{\"@type\":\"BreadcrumbList\",\"@id\":\"https:\/\/cryptocurrencygambling.org\/fr\/conditions-dutilisation\/#breadcrumb\",\"itemListElement\":[{\"@type\":\"ListItem\",\"position\":1,\"name\":\"Main Page\",\"item\":\"https:\/\/cryptocurrencygambling.org\/fr\/\"},{\"@type\":\"ListItem\",\"position\":2,\"name\":\"Conditions d&#8217;utilisation\"}]},{\"@type\":\"WebSite\",\"@id\":\"https:\/\/cryptocurrencygambling.org\/#website\",\"url\":\"https:\/\/cryptocurrencygambling.org\/\",\"name\":\"\u0421rypto\u0421urrencyGambling.org\",\"description\":\"\u0421rypto\u0421urrencyGambling.org\",\"potentialAction\":[{\"@type\":\"SearchAction\",\"target\":{\"@type\":\"EntryPoint\",\"urlTemplate\":\"https:\/\/cryptocurrencygambling.org\/?s={search_term_string}\"},\"query-input\":\"required name=search_term_string\"}],\"inLanguage\":\"fr-FR\"}]}<\/script>\n<!-- \/ Yoast SEO plugin. -->","yoast_head_json":{"title":"Conditions d'utilisation - \u0421rypto\u0421urrencyGambling.org","description":"Consultez nos termes et conditions pour comprendre les directives et les politiques d'utilisation de notre site de revue de casino.","robots":{"index":"index","follow":"follow","max-snippet":"max-snippet:-1","max-image-preview":"max-image-preview:large","max-video-preview":"max-video-preview:-1"},"canonical":"https:\/\/cryptocurrencygambling.org\/fr\/conditions-dutilisation\/","og_locale":"fr_FR","og_type":"article","og_title":"Conditions d'utilisation - \u0421rypto\u0421urrencyGambling.org","og_description":"Consultez nos termes et conditions pour comprendre les directives et les politiques d'utilisation de notre site de revue de casino.","og_url":"https:\/\/cryptocurrencygambling.org\/fr\/conditions-dutilisation\/","og_site_name":"\u0421rypto\u0421urrencyGambling.org","article_modified_time":"2024-05-12T13:28:29+00:00","twitter_card":"summary_large_image","twitter_misc":{"Dur\u00e9e de lecture estim\u00e9e":"3 minutes"},"schema":{"@context":"https:\/\/schema.org","@graph":[{"@type":"WebPage","@id":"https:\/\/cryptocurrencygambling.org\/fr\/conditions-dutilisation\/","url":"https:\/\/cryptocurrencygambling.org\/fr\/conditions-dutilisation\/","name":"Conditions d'utilisation - \u0421rypto\u0421urrencyGambling.org","isPartOf":{"@id":"https:\/\/cryptocurrencygambling.org\/#website"},"datePublished":"2022-04-15T09:01:21+00:00","dateModified":"2024-05-12T13:28:29+00:00","description":"Consultez nos termes et conditions pour comprendre les directives et les politiques d'utilisation de notre site de revue de casino.","breadcrumb":{"@id":"https:\/\/cryptocurrencygambling.org\/fr\/conditions-dutilisation\/#breadcrumb"},"inLanguage":"fr-FR","potentialAction":[{"@type":"ReadAction","target":["https:\/\/cryptocurrencygambling.org\/fr\/conditions-dutilisation\/"]}]},{"@type":"BreadcrumbList","@id":"https:\/\/cryptocurrencygambling.org\/fr\/conditions-dutilisation\/#breadcrumb","itemListElement":[{"@type":"ListItem","position":1,"name":"Main Page","item":"https:\/\/cryptocurrencygambling.org\/fr\/"},{"@type":"ListItem","position":2,"name":"Conditions d&#8217;utilisation"}]},{"@type":"WebSite","@id":"https:\/\/cryptocurrencygambling.org\/#website","url":"https:\/\/cryptocurrencygambling.org\/","name":"\u0421rypto\u0421urrencyGambling.org","description":"\u0421rypto\u0421urrencyGambling.org","potentialAction":[{"@type":"SearchAction","target":{"@type":"EntryPoint","urlTemplate":"https:\/\/cryptocurrencygambling.org\/?s={search_term_string}"},"query-input":"required name=search_term_string"}],"inLanguage":"fr-FR"}]}},"_links":{"self":[{"href":"https:\/\/cryptocurrencygambling.org\/fr\/wp-json\/wp\/v2\/pages\/1014","targetHints":{"allow":["GET"]}}],"collection":[{"href":"https:\/\/cryptocurrencygambling.org\/fr\/wp-json\/wp\/v2\/pages"}],"about":[{"href":"https:\/\/cryptocurrencygambling.org\/fr\/wp-json\/wp\/v2\/types\/page"}],"author":[{"embeddable":true,"href":"https:\/\/cryptocurrencygambling.org\/fr\/wp-json\/wp\/v2\/users\/1"}],"replies":[{"embeddable":true,"href":"https:\/\/cryptocurrencygambling.org\/fr\/wp-json\/wp\/v2\/comments?post=1014"}],"version-history":[{"count":1,"href":"https:\/\/cryptocurrencygambling.org\/fr\/wp-json\/wp\/v2\/pages\/1014\/revisions"}],"predecessor-version":[{"id":1015,"href":"https:\/\/cryptocurrencygambling.org\/fr\/wp-json\/wp\/v2\/pages\/1014\/revisions\/1015"}],"wp:attachment":[{"href":"https:\/\/cryptocurrencygambling.org\/fr\/wp-json\/wp\/v2\/media?parent=1014"}],"curies":[{"name":"wp","href":"https:\/\/api.w.org\/{rel}","templated":true}]}}