{"id":1016,"date":"2022-02-06T22:02:54","date_gmt":"2022-02-06T19:02:54","guid":{"rendered":"https:\/\/cryptocurrencygambling.org\/?page_id=1016"},"modified":"2024-05-20T14:55:05","modified_gmt":"2024-05-20T11:55:05","slug":"politique-de-confidentialite","status":"publish","type":"page","link":"https:\/\/cryptocurrencygambling.org\/fr\/politique-de-confidentialite\/","title":{"rendered":"Politique de confidentialit\u00e9"},"content":{"rendered":"<p>Pr\u00e9sentation de CryptoCurrency Gambling : Un site web qui se concentre sur l&rsquo;offre de revues et d&rsquo;analyses de casinos en crypto-monnaie. Le document suivant vise \u00e0 \u00e9clairer notre approche des informations qui nous parviennent par le biais de votre interaction avec nos services et notre site web.<\/p>\n<h3><strong>Aper\u00e7u de la protection de la vie priv\u00e9e<\/strong><\/h3>\n<p>Nous nous engageons \u00e0 prot\u00e9ger la vie priv\u00e9e et la s\u00e9curit\u00e9 de nos utilisateurs. La combinaison de politiques d\u00e9finies et d\u00e9velopp\u00e9es pour r\u00e9pondre aux exigences l\u00e9gislatives garantit un environnement s\u00fbr et conforme pour toutes les parties concern\u00e9es.<\/p>\n<h3><strong>Reconnaissance des conditions<\/strong><\/h3>\n<p>En acc\u00e9dant ou en utilisant Crypto Currency Gambling, vous acceptez les termes de cette politique de confidentialit\u00e9. En cas de divergence de vues, vous devez vous abstenir d&rsquo;utiliser la source.<\/p>\n<h3><strong>Donn\u00e9es de l&rsquo;utilisateur<\/strong><\/h3>\n<p>La confidentialit\u00e9 de nos utilisateurs est de la plus haute importance pour nous, et nous ne vendons ni ne redistribuons les informations personnelles qui nous sont fournies au cours de vos interactions avec nos services ou notre site Web.<\/p>\n<h3><strong>Collecte et utilisation des donn\u00e9es<\/strong><\/h3>\n<p>Les donn\u00e9es techniques suivantes sont collect\u00e9es automatiquement lorsque vous visitez notre site web :<\/p>\n<ul>\n<li>Heure et date de votre visite<\/li>\n<li>Syst\u00e8me d&rsquo;exploitation et type d&rsquo;appareil<\/li>\n<li>Version du navigateur<\/li>\n<li>R\u00e9solution de l&rsquo;\u00e9cran<\/li>\n<li>Langue du navigateur et du clavier<\/li>\n<li>Domaine source des donn\u00e9es consult\u00e9es<\/li>\n<li>Requ\u00eates du moteur de recherche<\/li>\n<li>Adresse IP anonymis\u00e9e<\/li>\n<li>Dur\u00e9e de la visite<\/li>\n<\/ul>\n<p>Ces informations sont utilis\u00e9es uniquement pour am\u00e9liorer le fonctionnement et la comp\u00e9tence technique de notre site web et ne facilitent pas l&rsquo;identification des utilisateurs individuels.<\/p>\n<h3><strong>Utilisation des cookies<\/strong><\/h3>\n<p>Nous utilisons des cookies pour suivre les activit\u00e9s de nos utilisateurs et stocker certains types d&rsquo;informations. Un cookie est un petit fichier contenant un identifiant unique anonyme. Vous pouvez refuser d&rsquo;accepter les cookies en r\u00e9glant les param\u00e8tres de votre navigateur Internet.<\/p>\n<h3><strong>Analyse<\/strong><\/h3>\n<p>Nous pouvons utiliser des outils tiers pour surveiller et analyser la mani\u00e8re dont les visiteurs interagissent avec notre site web.<\/p>\n<h3><strong>Collecte d&rsquo;informations personnelles<\/strong><\/h3>\n<p>Nous ne recueillons pas d&rsquo;informations personnelles vous concernant \u00e0 moins que vous ne les fournissiez en les classant dans les cases appropri\u00e9es.<\/p>\n<h3><strong>Liens vers des sites externes<\/strong><\/h3>\n<p>N&rsquo;oubliez pas qu&rsquo;il s&rsquo;agit de la politique de confidentialit\u00e9 de notre seul site. Il peut y avoir d&rsquo;autres conditions sur des sites tiers que vous pourriez avoir besoin d&rsquo;aborder personnellement.<\/p>\n<h3><strong>Clause de non-responsabilit\u00e9<\/strong><\/h3>\n<p>Nous ne sommes pas responsables de l&rsquo;exhaustivit\u00e9, de l&rsquo;exactitude ou de la fiabilit\u00e9 des informations. Nos donn\u00e9es sont d\u00e9velopp\u00e9es pour am\u00e9liorer l&rsquo;exp\u00e9rience de l&rsquo;utilisateur final.<\/p>\n<h3><strong>Reconnaissance des risques<\/strong><\/h3>\n<p>Le contenu ne constitue pas une proposition de conseil financier. Toutes les formes de jeux de crypto-monnaie comportent des risques, et une telle activit\u00e9 peut ne pas convenir \u00e0 tout le monde.<\/p>\n<h3><strong>Application de la politique<\/strong><\/h3>\n<p>Cette politique de confidentialit\u00e9 entre en vigueur \u00e0 partir de maintenant. Nous avons le droit d&rsquo;apporter des modifications \u00e0 tout moment, et cette politique est contraignante d\u00e8s que nous mettons \u00e0 jour notre site web avec les nouvelles dispositions.<\/p>\n","protected":false},"excerpt":{"rendered":"<p>Pr\u00e9sentation de CryptoCurrency Gambling : Un site web qui se concentre sur l&rsquo;offre de revues et d&rsquo;analyses de casinos en crypto-monnaie. Le document suivant vise \u00e0 \u00e9clairer notre approche des informations qui nous parviennent par le biais de votre interaction avec nos services et notre site web. Aper\u00e7u de la protection de la vie priv\u00e9e [&hellip;]<\/p>\n","protected":false},"author":1,"featured_media":0,"parent":0,"menu_order":0,"comment_status":"closed","ping_status":"closed","template":"","meta":{"inline_featured_image":false,"footnotes":""},"class_list":["post-1016","page","type-page","status-publish","hentry"],"acf":[],"yoast_head":"<!-- This site is optimized with the Yoast SEO plugin v19.8 - https:\/\/yoast.com\/wordpress\/plugins\/seo\/ -->\n<title>Politique de confidentialit\u00e9 - \u0421rypto\u0421urrencyGambling.org<\/title>\n<meta name=\"description\" content=\"Comprenez comment nous traitons vos donn\u00e9es en consultant notre politique de confidentialit\u00e9.\" \/>\n<meta name=\"robots\" content=\"index, follow, max-snippet:-1, max-image-preview:large, max-video-preview:-1\" \/>\n<link rel=\"canonical\" href=\"https:\/\/cryptocurrencygambling.org\/fr\/politique-de-confidentialite\/\" \/>\n<meta property=\"og:locale\" content=\"fr_FR\" \/>\n<meta property=\"og:type\" content=\"article\" \/>\n<meta property=\"og:title\" content=\"Politique de confidentialit\u00e9 - \u0421rypto\u0421urrencyGambling.org\" \/>\n<meta property=\"og:description\" content=\"Comprenez comment nous traitons vos donn\u00e9es en consultant notre politique de confidentialit\u00e9.\" \/>\n<meta property=\"og:url\" content=\"https:\/\/cryptocurrencygambling.org\/fr\/politique-de-confidentialite\/\" \/>\n<meta property=\"og:site_name\" content=\"\u0421rypto\u0421urrencyGambling.org\" \/>\n<meta property=\"article:modified_time\" content=\"2024-05-20T11:55:05+00:00\" \/>\n<meta name=\"twitter:card\" content=\"summary_large_image\" \/>\n<meta name=\"twitter:label1\" content=\"Dur\u00e9e de lecture estim\u00e9e\" \/>\n\t<meta name=\"twitter:data1\" content=\"3 minutes\" \/>\n<script type=\"application\/ld+json\" class=\"yoast-schema-graph\">{\"@context\":\"https:\/\/schema.org\",\"@graph\":[{\"@type\":\"WebPage\",\"@id\":\"https:\/\/cryptocurrencygambling.org\/fr\/politique-de-confidentialite\/\",\"url\":\"https:\/\/cryptocurrencygambling.org\/fr\/politique-de-confidentialite\/\",\"name\":\"Politique de confidentialit\u00e9 - \u0421rypto\u0421urrencyGambling.org\",\"isPartOf\":{\"@id\":\"https:\/\/cryptocurrencygambling.org\/#website\"},\"datePublished\":\"2022-02-06T19:02:54+00:00\",\"dateModified\":\"2024-05-20T11:55:05+00:00\",\"description\":\"Comprenez comment nous traitons vos donn\u00e9es en consultant notre politique de confidentialit\u00e9.\",\"breadcrumb\":{\"@id\":\"https:\/\/cryptocurrencygambling.org\/fr\/politique-de-confidentialite\/#breadcrumb\"},\"inLanguage\":\"fr-FR\",\"potentialAction\":[{\"@type\":\"ReadAction\",\"target\":[\"https:\/\/cryptocurrencygambling.org\/fr\/politique-de-confidentialite\/\"]}]},{\"@type\":\"BreadcrumbList\",\"@id\":\"https:\/\/cryptocurrencygambling.org\/fr\/politique-de-confidentialite\/#breadcrumb\",\"itemListElement\":[{\"@type\":\"ListItem\",\"position\":1,\"name\":\"Main Page\",\"item\":\"https:\/\/cryptocurrencygambling.org\/fr\/\"},{\"@type\":\"ListItem\",\"position\":2,\"name\":\"Politique de confidentialit\u00e9\"}]},{\"@type\":\"WebSite\",\"@id\":\"https:\/\/cryptocurrencygambling.org\/#website\",\"url\":\"https:\/\/cryptocurrencygambling.org\/\",\"name\":\"\u0421rypto\u0421urrencyGambling.org\",\"description\":\"\u0421rypto\u0421urrencyGambling.org\",\"potentialAction\":[{\"@type\":\"SearchAction\",\"target\":{\"@type\":\"EntryPoint\",\"urlTemplate\":\"https:\/\/cryptocurrencygambling.org\/?s={search_term_string}\"},\"query-input\":\"required name=search_term_string\"}],\"inLanguage\":\"fr-FR\"}]}<\/script>\n<!-- \/ Yoast SEO plugin. -->","yoast_head_json":{"title":"Politique de confidentialit\u00e9 - \u0421rypto\u0421urrencyGambling.org","description":"Comprenez comment nous traitons vos donn\u00e9es en consultant notre politique de confidentialit\u00e9.","robots":{"index":"index","follow":"follow","max-snippet":"max-snippet:-1","max-image-preview":"max-image-preview:large","max-video-preview":"max-video-preview:-1"},"canonical":"https:\/\/cryptocurrencygambling.org\/fr\/politique-de-confidentialite\/","og_locale":"fr_FR","og_type":"article","og_title":"Politique de confidentialit\u00e9 - \u0421rypto\u0421urrencyGambling.org","og_description":"Comprenez comment nous traitons vos donn\u00e9es en consultant notre politique de confidentialit\u00e9.","og_url":"https:\/\/cryptocurrencygambling.org\/fr\/politique-de-confidentialite\/","og_site_name":"\u0421rypto\u0421urrencyGambling.org","article_modified_time":"2024-05-20T11:55:05+00:00","twitter_card":"summary_large_image","twitter_misc":{"Dur\u00e9e de lecture estim\u00e9e":"3 minutes"},"schema":{"@context":"https:\/\/schema.org","@graph":[{"@type":"WebPage","@id":"https:\/\/cryptocurrencygambling.org\/fr\/politique-de-confidentialite\/","url":"https:\/\/cryptocurrencygambling.org\/fr\/politique-de-confidentialite\/","name":"Politique de confidentialit\u00e9 - \u0421rypto\u0421urrencyGambling.org","isPartOf":{"@id":"https:\/\/cryptocurrencygambling.org\/#website"},"datePublished":"2022-02-06T19:02:54+00:00","dateModified":"2024-05-20T11:55:05+00:00","description":"Comprenez comment nous traitons vos donn\u00e9es en consultant notre politique de confidentialit\u00e9.","breadcrumb":{"@id":"https:\/\/cryptocurrencygambling.org\/fr\/politique-de-confidentialite\/#breadcrumb"},"inLanguage":"fr-FR","potentialAction":[{"@type":"ReadAction","target":["https:\/\/cryptocurrencygambling.org\/fr\/politique-de-confidentialite\/"]}]},{"@type":"BreadcrumbList","@id":"https:\/\/cryptocurrencygambling.org\/fr\/politique-de-confidentialite\/#breadcrumb","itemListElement":[{"@type":"ListItem","position":1,"name":"Main Page","item":"https:\/\/cryptocurrencygambling.org\/fr\/"},{"@type":"ListItem","position":2,"name":"Politique de confidentialit\u00e9"}]},{"@type":"WebSite","@id":"https:\/\/cryptocurrencygambling.org\/#website","url":"https:\/\/cryptocurrencygambling.org\/","name":"\u0421rypto\u0421urrencyGambling.org","description":"\u0421rypto\u0421urrencyGambling.org","potentialAction":[{"@type":"SearchAction","target":{"@type":"EntryPoint","urlTemplate":"https:\/\/cryptocurrencygambling.org\/?s={search_term_string}"},"query-input":"required name=search_term_string"}],"inLanguage":"fr-FR"}]}},"_links":{"self":[{"href":"https:\/\/cryptocurrencygambling.org\/fr\/wp-json\/wp\/v2\/pages\/1016","targetHints":{"allow":["GET"]}}],"collection":[{"href":"https:\/\/cryptocurrencygambling.org\/fr\/wp-json\/wp\/v2\/pages"}],"about":[{"href":"https:\/\/cryptocurrencygambling.org\/fr\/wp-json\/wp\/v2\/types\/page"}],"author":[{"embeddable":true,"href":"https:\/\/cryptocurrencygambling.org\/fr\/wp-json\/wp\/v2\/users\/1"}],"replies":[{"embeddable":true,"href":"https:\/\/cryptocurrencygambling.org\/fr\/wp-json\/wp\/v2\/comments?post=1016"}],"version-history":[{"count":3,"href":"https:\/\/cryptocurrencygambling.org\/fr\/wp-json\/wp\/v2\/pages\/1016\/revisions"}],"predecessor-version":[{"id":1095,"href":"https:\/\/cryptocurrencygambling.org\/fr\/wp-json\/wp\/v2\/pages\/1016\/revisions\/1095"}],"wp:attachment":[{"href":"https:\/\/cryptocurrencygambling.org\/fr\/wp-json\/wp\/v2\/media?parent=1016"}],"curies":[{"name":"wp","href":"https:\/\/api.w.org\/{rel}","templated":true}]}}